  {"id":28166,"date":"2024-10-16T10:58:01","date_gmt":"2024-10-16T08:58:01","guid":{"rendered":"https:\/\/wfil.uni.opole.pl\/collaboration-with-schools\/"},"modified":"2026-01-06T19:51:53","modified_gmt":"2026-01-06T18:51:53","slug":"collaboration-with-schools","status":"publish","type":"page","link":"https:\/\/wfil.uni.opole.pl\/en\/collaboration-with-schools\/","title":{"rendered":"Cooperation with Schools"},"content":{"rendered":"\t\t<div data-elementor-type=\"wp-page\" data-elementor-id=\"28166\" class=\"elementor elementor-28166 elementor-20076\" data-elementor-post-type=\"page\">\n\t\t\t\t<div class=\"elementor-element elementor-element-538f1281 e-flex e-con-boxed e-con e-parent\" data-id=\"538f1281\" data-element_type=\"container\" data-e-type=\"container\" data-settings=\"{&quot;jet_parallax_layout_list&quot;:[]}\">\n\t\t\t\t\t<div class=\"e-con-inner\">\n\t\t\t\t<div class=\"elementor-element elementor-element-5f632c9 elementor-widget elementor-widget-heading\" data-id=\"5f632c9\" data-element_type=\"widget\" data-e-type=\"widget\" data-widget_type=\"heading.default\">\n\t\t\t\t<div class=\"elementor-widget-container\">\n\t\t\t\t\t<h1 class=\"elementor-heading-title elementor-size-default\">Cooperation with Schools<\/h1>\t\t\t\t<\/div>\n\t\t\t\t<\/div>\n\t\t\t\t\t<\/div>\n\t\t\t\t<\/div>\n\t\t<div class=\"elementor-element elementor-element-f938773 e-flex e-con-boxed e-con e-parent\" data-id=\"f938773\" data-element_type=\"container\" data-e-type=\"container\" data-settings=\"{&quot;jet_parallax_layout_list&quot;:[]}\">\n\t\t\t\t\t<div class=\"e-con-inner\">\n\t\t<div class=\"elementor-element elementor-element-64379d3f e-flex e-con-boxed e-con e-child\" data-id=\"64379d3f\" data-element_type=\"container\" data-e-type=\"container\" data-settings=\"{&quot;jet_parallax_layout_list&quot;:[]}\">\n\t\t\t\t\t<div class=\"e-con-inner\">\n\t\t\t\t<div class=\"elementor-element elementor-element-56f383e5 elementor-widget elementor-widget-accordion\" data-id=\"56f383e5\" data-element_type=\"widget\" data-e-type=\"widget\" data-widget_type=\"accordion.default\">\n\t\t\t\t<div class=\"elementor-widget-container\">\n\t\t\t\t\t\t\t<div class=\"elementor-accordion\">\n\t\t\t\t\t\t\t<div class=\"elementor-accordion-item\">\n\t\t\t\t\t<div id=\"elementor-tab-title-1451\" class=\"elementor-tab-title\" data-tab=\"1\" role=\"button\" aria-controls=\"elementor-tab-content-1451\" aria-expanded=\"false\">\n\t\t\t\t\t\t\t\t\t\t\t\t\t<span class=\"elementor-accordion-icon elementor-accordion-icon-left\" aria-hidden=\"true\">\n\t\t\t\t\t\t\t\t\t\t\t\t\t\t\t<span class=\"elementor-accordion-icon-closed\"><i class=\"fas fa-caret-down\"><\/i><\/span>\n\t\t\t\t\t\t\t\t<span class=\"elementor-accordion-icon-opened\"><i class=\"fas fa-caret-up\"><\/i><\/span>\n\t\t\t\t\t\t\t\t\t\t\t\t\t\t<\/span>\n\t\t\t\t\t\t\t\t\t\t\t\t<a class=\"elementor-accordion-title\" tabindex=\"0\">element-0<\/a>\n\t\t\t\t\t<\/div>\n\t\t\t\t\t<div id=\"elementor-tab-content-1451\" class=\"elementor-tab-content elementor-clearfix\" data-tab=\"1\" role=\"region\" aria-labelledby=\"elementor-tab-title-1451\"><\/div>\n\t\t\t\t<\/div>\n\t\t\t\t\t\t\t<div class=\"elementor-accordion-item\">\n\t\t\t\t\t<div id=\"elementor-tab-title-1452\" class=\"elementor-tab-title\" data-tab=\"2\" role=\"button\" aria-controls=\"elementor-tab-content-1452\" aria-expanded=\"false\">\n\t\t\t\t\t\t\t\t\t\t\t\t\t<span class=\"elementor-accordion-icon elementor-accordion-icon-left\" aria-hidden=\"true\">\n\t\t\t\t\t\t\t\t\t\t\t\t\t\t\t<span class=\"elementor-accordion-icon-closed\"><i class=\"fas fa-caret-down\"><\/i><\/span>\n\t\t\t\t\t\t\t\t<span class=\"elementor-accordion-icon-opened\"><i class=\"fas fa-caret-up\"><\/i><\/span>\n\t\t\t\t\t\t\t\t\t\t\t\t\t\t<\/span>\n\t\t\t\t\t\t\t\t\t\t\t\t<a class=\"elementor-accordion-title\" tabindex=\"0\">English Philology \u2013 Teacher Training Programme<\/a>\n\t\t\t\t\t<\/div>\n\t\t\t\t\t<div id=\"elementor-tab-content-1452\" class=\"elementor-tab-content elementor-clearfix\" data-tab=\"2\" role=\"region\" aria-labelledby=\"elementor-tab-title-1452\"><p>Educational entities:<\/p>\n<ul>\n<li>Bizneslingua Centrum J\u0119zyk\u00f3w Obcych<\/li>\n<li>Language Professionals<\/li>\n<li>Royal School Centrum J\u0119zyk\u00f3w Obcych<\/li>\n<li>I LO w Opolu<\/li>\n<li>II LO w Opolu<\/li>\n<li>III LO w Opolu<\/li>\n<li>V LO w Opolu<\/li>\n<li>VI LO w Opolu<\/li>\n<li>VIII w Opolu<\/li>\n<li>IX LO w Opolu<\/li>\n<li>Spo\u0142eczne LO im Einsteina w Opolu<\/li>\n<li>Zesp\u00f3\u0142 Szk\u00f3\u0142 Elektrycznych w Opolu<\/li>\n<li>ZS Mechanicznych w Opolu<\/li>\n<li>Szko\u0142a TAK w Opolu<\/li>\n<li>ZSZ nr 4 w Opolu<\/li>\n<li>PSP nr 16 w Opolu<\/li>\n<li>PSP nr 1 w Opolu<\/li>\n<li>PSP nr 15 w Opolu<\/li>\n<li>PSP nr 2 w Opolu<\/li>\n<li>PSP nr 8 w Opolu<\/li>\n<li>PSP nr 21 w Opolu<\/li>\n<li>Kraina Marze\u0144 \u2013 plac\u00f3wka dwuj\u0119zyczna \u017c\u0142obkowo-przedszkolna w Opolu<\/li>\n<li>Niepubliczna Szko\u0142a Podstawowa \u2018Nasza Szko\u0142a\u2019 w Opolu<\/li>\n<li>Publiczna Katolicka Szko\u0142a Podstawowa w Opolu<\/li>\n<li>I LO w Brzegu<\/li>\n<li>II LO w Brzegu<\/li>\n<li>LO w Dobrzeniu Wielkim<\/li>\n<li>Liceum im. Boles\u0142awa Chrobrego w G\u0142ucho\u0142azach<\/li>\n<li>II LO w K\u0119dzierzynie-Ko\u017alu<\/li>\n<li>ZSLT w Kluczborku<\/li>\n<li>ZSO w Kluczborku<\/li>\n<li>ZS w Krapkowicach<\/li>\n<li>I LO w Ole\u015bnie<\/li>\n<li>ZS 1 w Wieluniu<\/li>\n<li>PSP B\u0105k\u00f3w<\/li>\n<li>PSP 5 w Brzegu<\/li>\n<li>PSP w Chr\u00f3\u015bcicach<\/li>\n<li>PSP 2 w G\u0142ucho\u0142azach<\/li>\n<li>PSP nr 3 w K\u0119dzierzynie- Ko\u017alu<\/li>\n<li>PSP 16 K\u0119dzierzyn-Ko\u017ale<\/li>\n<li>PSP w Kostowie<\/li>\n<li>PSP 5 w Krapkowicach<\/li>\n<li>PSP 1 w Ole\u015bnie<\/li>\n<li>PSP w Szemrowicach<\/li>\n<li>PSP w Tarnowie Opolskim<\/li>\n<li>PSP w Tu\u0142owicach<\/li>\n<li>SP w Dzia\u0142oszynie<\/li>\n<li>SP nr 4 w Namys\u0142owie<\/li>\n<li>SP nr 3 w O\u0142awie<\/li>\n<li>SP nr 1 w Otmuchowie<\/li>\n<li>SP w Rac\u0142awicach \u015al\u0105skich<\/li>\n<li>SP w Tworkowie<\/li>\n<li>Stowarzyszeniowa Publiczna Szko\u0142a Podstawowa w Steblowie<\/li>\n<li>Zesp\u00f3\u0142 Szkolno- Przedszkolny nr 4 w Krapkowicach<\/li>\n<li>Zesp\u00f3\u0142 Szkolno- Przedszkolny w \u015awierzawie<\/li>\n<li>ZS Budowlanych im. Ksi\u0119cia Jerzego II Piasta w Brzegu<\/li>\n<li>ZS w Byczynie<\/li>\n<li>ZS w Dobrodzieniu<\/li>\n<li>ZS im. Marii Curie-Sk\u0142odowskiej w Dzia\u0142oszynie<\/li>\n<li>ZS nr 1 w Jastrz\u0119biu Zdroju,<\/li>\n<li>ZS w Krapkowicach<\/li>\n<li>ZS im. Kili\u0144skiego w Krapkowicach<\/li>\n<li>ZS w Otmuchowie<\/li>\n<li>ZS w Tu\u0142owicach<\/li>\n<li>ZS 1 w Wieluniu.<\/li>\n<li>ZS im Jana Paw\u0142a II w Zdzieszowicach<\/li>\n<li>ZSLT w Kluczborku<\/li>\n<li>ZSO w Kluczborku<\/li>\n<li>ZSO w G\u0142ubczycach<\/li>\n<li>ZSP w Gogolinie<\/li>\n<\/ul>\n<p>O\u015brodki Metodyczne:<\/p>\n<ul>\n<li>Miejski O\u015brodek Doskonalenia Nauczycieli w Opolu<\/li>\n<li>Powiatowy O\u015brodek Doskonalenia Nauczycieli w Kluczborku<\/li>\n<\/ul>\n<p>Poradnie:<\/p>\n<p>Poradnie psychologiczno-pedagogiczne w wojew\u00f3dztwie opolskim<\/p>\n<\/div>\n\t\t\t\t<\/div>\n\t\t\t\t\t\t\t<div class=\"elementor-accordion-item\">\n\t\t\t\t\t<div id=\"elementor-tab-title-1453\" class=\"elementor-tab-title\" data-tab=\"3\" role=\"button\" aria-controls=\"elementor-tab-content-1453\" aria-expanded=\"false\">\n\t\t\t\t\t\t\t\t\t\t\t\t\t<span class=\"elementor-accordion-icon elementor-accordion-icon-left\" aria-hidden=\"true\">\n\t\t\t\t\t\t\t\t\t\t\t\t\t\t\t<span class=\"elementor-accordion-icon-closed\"><i class=\"fas fa-caret-down\"><\/i><\/span>\n\t\t\t\t\t\t\t\t<span class=\"elementor-accordion-icon-opened\"><i class=\"fas fa-caret-up\"><\/i><\/span>\n\t\t\t\t\t\t\t\t\t\t\t\t\t\t<\/span>\n\t\t\t\t\t\t\t\t\t\t\t\t<a class=\"elementor-accordion-title\" tabindex=\"0\">Polish Studies<\/a>\n\t\t\t\t\t<\/div>\n\t\t\t\t\t<div id=\"elementor-tab-content-1453\" class=\"elementor-tab-content elementor-clearfix\" data-tab=\"3\" role=\"region\" aria-labelledby=\"elementor-tab-title-1453\"><ul>\n<li>Publiczna Szko\u0142a Podstawowa nr 3 im. gen. W. Sikorskiego w Zdzieszowicach<\/li>\n<li>Publiczna Szko\u0142a Podstawowa nr 1 im. Obro\u0144c\u00f3w Westerplatte w Opolu<\/li>\n<li>Publiczna Szko\u0142a Podstawowa im. J. Korczaka w Polskiej Nowej Wsi<\/li>\n<li>Publiczna Szko\u0142a Podstawowa nr 15 im. Kr\u00f3lowej Jadwigi w Opolu<\/li>\n<li>Szkole Podstawowej im. Powsta\u0144c\u00f3w \u015al\u0105skich w Ciasnej<\/li>\n<li>Zesp\u00f3\u0142 Szkolno-Przedszkolny nr 1 w Prudniku<\/li>\n<li>Publiczna Szko\u0142a Podstawowa nr 20 w Opolu<\/li>\n<li>Publiczna Szko\u0142a Podstawowa nr 5 w Kluczborku<\/li>\n<li>Publiczna Szko\u0142a Podstawowa nr 1 w Toszku<\/li>\n<li>Zesp\u00f3\u0142 Szkolno-Przedszkolny im. Adama Mickiewicza w Udaninie<\/li>\n<li>Publiczna Szko\u0142a Podstawowa w Strzeleczkach<\/li>\n<li>Zesp\u00f3\u0142 Szk\u00f3\u0142 Og\u00f3lnokszta\u0142c\u0105cych nr 1 im. Adama Mickiewicza w Lubli\u0144cu<\/li>\n<li>Zespo\u00f3\u0142 Szk\u00f3\u0142 Og\u00f3lnokszta\u0142c\u0105cych nr 1 im. Adama Mickiewicza w Prudniku<\/li>\n<li>Spo\u0142eczne J\u0119zykowe Liceum Og\u00f3lnokszta\u0142c\u0105ce im. Alberta Einsteina w Opolu<\/li>\n<li>Zesp\u00f3\u0142 Szk\u00f3\u0142 Og\u00f3lnokszta\u0142c\u0105cych im. Adama Mickiewicza w Kluczborku<\/li>\n<li>Zesp\u00f3\u0142 Szk\u00f3\u0142 Og\u00f3lnokszta\u0142c\u0105cych im. W\u0142adys\u0142awa Broniewskiego w Strzelcach Opolskich<\/li>\n<li>Zesp\u00f3\u0142 Szk\u00f3\u0142 Og\u00f3lnokszta\u0142c\u0105cych im. Stefana \u017beromskiego w Strzegomiu<\/li>\n<li>Zesp\u00f3\u0142 Szk\u00f3\u0142 Og\u00f3lnokszta\u0142c\u0105cych im. Jana Kili\u0144skiego w Krapkowicach<\/li>\n<\/ul>\n<\/div>\n\t\t\t\t<\/div>\n\t\t\t\t\t\t\t<div class=\"elementor-accordion-item\">\n\t\t\t\t\t<div id=\"elementor-tab-title-1454\" class=\"elementor-tab-title\" data-tab=\"4\" role=\"button\" aria-controls=\"elementor-tab-content-1454\" aria-expanded=\"false\">\n\t\t\t\t\t\t\t\t\t\t\t\t\t<span class=\"elementor-accordion-icon elementor-accordion-icon-left\" aria-hidden=\"true\">\n\t\t\t\t\t\t\t\t\t\t\t\t\t\t\t<span class=\"elementor-accordion-icon-closed\"><i class=\"fas fa-caret-down\"><\/i><\/span>\n\t\t\t\t\t\t\t\t<span class=\"elementor-accordion-icon-opened\"><i class=\"fas fa-caret-up\"><\/i><\/span>\n\t\t\t\t\t\t\t\t\t\t\t\t\t\t<\/span>\n\t\t\t\t\t\t\t\t\t\t\t\t<a class=\"elementor-accordion-title\" tabindex=\"0\">Speech Therapy<\/a>\n\t\t\t\t\t<\/div>\n\t\t\t\t\t<div id=\"elementor-tab-content-1454\" class=\"elementor-tab-content elementor-clearfix\" data-tab=\"4\" role=\"region\" aria-labelledby=\"elementor-tab-title-1454\"><p>Poradnie psychologiczno-pedagogiczne:<\/p>\n<ul>\n<li>Miejska Poradnia Psychologiczno-Pedagogiczna w Opolu, ul. Niedzia\u0142kowskiego<\/li>\n<li>PPP w Opolu ul. Ksi\u0105\u017c\u0105t Op.<\/li>\n<li>PPP w Brzegu , ul. Poprzeczna 3<\/li>\n<li>PPP w Namys\u0142owie, ul. Mickiewicza 14<\/li>\n<li>PPP w Niemodlinie , ul Wojska Polskiego 5<\/li>\n<li>PPP w Nysie , ul. S\u0142owia\u0144ska 17<\/li>\n<li>PPP w K\u0119dzierzynie \u2013Ko\u017alu , ul. Skarbowa 4<\/li>\n<li>PPP w Krapkowicach, ul. Kili\u0144skiego 1<\/li>\n<li>PPP w Ole\u015bnie , ul. D\u0119bowa 3<\/li>\n<li>PPP w Strzelcach Opolskich, ul. Chrobrego 5<\/li>\n<li>PPP w G\u0142ucho\u0142azach, ul. Curie-Sk\u0142odowskiej 36<\/li>\n<li>PPP w Prudniku , ul. Ko\u015bciuszki 55a<\/li>\n<li>Miejskie Centrum Wspomagania Edukacji w Opolu<\/li>\n<li>Centrum Logopedii i Rozwoju Osobistego w Opolu<\/li>\n<\/ul>\n<p>Przedszkola, szko\u0142y integracyjne i specjalne:<\/p>\n<ul>\n<li>Przedszkole integracyjne nr 51 w Opolu, ul. Bytnara \u2013Rudego 1<\/li>\n<li>Przedszkole integracyjne nr 38 w Opolu , ul. Pr\u00f3szkowska 39<\/li>\n<li>Przedszkole Specjalne nr 9 w Kluczborku dla dzieci z upo\u015bledzeniem umys\u0142owym w stopniu umiarkowanym i znacznym z autyzmem i niepe\u0142nosprawno\u015bciami sprz\u0119\u017con\u0105, ul. Sienkiewicza 27<\/li>\n<li>Publiczne Przedszkole nr 5 Specjalne w Prudniku, ul .M\u0142y\u0144ska 1.<\/li>\n<li>Przedszkole Publiczne Specjalne nr 53 &#8220;Iskierka&#8221;, ul. Szymona Koszyka 21A, Opole<\/li>\n<li>Szko\u0142a Podstawowa nr 5 w Opolu, ul. Majora Hubala 2<\/li>\n<li>Szko\u0142a Podstawowa nr 15 w Opolu , ul. Ma\u0142opolska 20<\/li>\n<li>Zesp\u00f3l Szk\u00f3l Specjalnych w Opolu , ul. Ksi\u0105\u017c\u0105t Op. 21<\/li>\n<li>Wszystkie szko\u0142y i przedszkola z terenu woj. Opolskiego z oddzia\u0142ami integracyjnymi.<\/li>\n<li>Zesp\u00f3\u0142 Niepublicznych Szk\u00f3\u0142 w Kup, Karola Miarki 10-12, Kup<\/li>\n<li>Publiczna Szko\u0142a Podstawowa nr 11 w Opolu<\/li>\n<li>I Liceum Og\u00f3lnokszta\u0142c\u0105ce im. Prof. Zbigniewa Religi w Zabrzu<\/li>\n<li>Przedszkole Publiczne nr 3 im. Jana Brzechwy w Opolu<\/li>\n<\/ul>\n<\/div>\n\t\t\t\t<\/div>\n\t\t\t\t\t\t\t\t<\/div>\n\t\t\t\t\t\t<\/div>\n\t\t\t\t<\/div>\n\t\t\t\t\t<\/div>\n\t\t\t\t<\/div>\n\t\t\t\t\t<\/div>\n\t\t\t\t<\/div>\n\t\t<div class=\"elementor-element elementor-element-4a787ef e-flex e-con-boxed e-con e-parent\" data-id=\"4a787ef\" data-element_type=\"container\" data-e-type=\"container\" data-settings=\"{&quot;jet_parallax_layout_list&quot;:[]}\">\n\t\t\t\t\t<div class=\"e-con-inner\">\n\t\t\t\t<div class=\"elementor-element elementor-element-80575db elementor-widget-divider--view-line elementor-widget elementor-widget-divider\" data-id=\"80575db\" data-element_type=\"widget\" data-e-type=\"widget\" data-widget_type=\"divider.default\">\n\t\t\t\t<div class=\"elementor-widget-container\">\n\t\t\t\t\t\t\t<div class=\"elementor-divider\">\n\t\t\t<span class=\"elementor-divider-separator\">\n\t\t\t\t\t\t<\/span>\n\t\t<\/div>\n\t\t\t\t\t\t<\/div>\n\t\t\t\t<\/div>\n\t\t\t\t\t<\/div>\n\t\t\t\t<\/div>\n\t\t\t\t<\/div>\n\t\t","protected":false},"excerpt":{"rendered":"<p>Cooperation with Schools element-0 English Philology \u2013 Teacher Training Programme Educational entities: Bizneslingua Centrum J\u0119zyk\u00f3w Obcych Language Professionals Royal School Centrum J\u0119zyk\u00f3w Obcych I LO w Opolu II LO w [&hellip;]<\/p>\n","protected":false},"author":60,"featured_media":0,"parent":0,"menu_order":0,"comment_status":"closed","ping_status":"closed","template":"","meta":{"footnotes":""},"class_list":["post-28166","page","type-page","status-publish","hentry"],"_links":{"self":[{"href":"https:\/\/wfil.uni.opole.pl\/en\/wp-json\/wp\/v2\/pages\/28166","targetHints":{"allow":["GET"]}}],"collection":[{"href":"https:\/\/wfil.uni.opole.pl\/en\/wp-json\/wp\/v2\/pages"}],"about":[{"href":"https:\/\/wfil.uni.opole.pl\/en\/wp-json\/wp\/v2\/types\/page"}],"author":[{"embeddable":true,"href":"https:\/\/wfil.uni.opole.pl\/en\/wp-json\/wp\/v2\/users\/60"}],"replies":[{"embeddable":true,"href":"https:\/\/wfil.uni.opole.pl\/en\/wp-json\/wp\/v2\/comments?post=28166"}],"version-history":[{"count":3,"href":"https:\/\/wfil.uni.opole.pl\/en\/wp-json\/wp\/v2\/pages\/28166\/revisions"}],"predecessor-version":[{"id":28178,"href":"https:\/\/wfil.uni.opole.pl\/en\/wp-json\/wp\/v2\/pages\/28166\/revisions\/28178"}],"wp:attachment":[{"href":"https:\/\/wfil.uni.opole.pl\/en\/wp-json\/wp\/v2\/media?parent=28166"}],"curies":[{"name":"wp","href":"https:\/\/api.w.org\/{rel}","templated":true}]}}