  {"id":22133,"date":"2024-06-07T15:02:15","date_gmt":"2024-06-07T13:02:15","guid":{"rendered":"https:\/\/wfil.uni.opole.pl\/deans-college\/"},"modified":"2024-11-05T22:06:06","modified_gmt":"2024-11-05T21:06:06","slug":"deans-college","status":"publish","type":"page","link":"https:\/\/wfil.uni.opole.pl\/en\/deans-college\/","title":{"rendered":"Dean&#8217;s College"},"content":{"rendered":"\t\t<div data-elementor-type=\"wp-page\" data-elementor-id=\"22133\" class=\"elementor elementor-22133 elementor-6721\" data-elementor-post-type=\"page\">\n\t\t\t\t<div class=\"elementor-element elementor-element-43b35800 e-flex e-con-boxed e-con e-parent\" data-id=\"43b35800\" data-element_type=\"container\" data-e-type=\"container\" data-settings=\"{&quot;jet_parallax_layout_list&quot;:[]}\">\n\t\t\t\t\t<div class=\"e-con-inner\">\n\t\t\t\t<div class=\"elementor-element elementor-element-68ff4ed8 elementor-widget elementor-widget-heading\" data-id=\"68ff4ed8\" data-element_type=\"widget\" data-e-type=\"widget\" data-widget_type=\"heading.default\">\n\t\t\t\t<div class=\"elementor-widget-container\">\n\t\t\t\t\t<h1 class=\"elementor-heading-title elementor-size-default\">Dean's College<\/h1>\t\t\t\t<\/div>\n\t\t\t\t<\/div>\n\t\t\t\t\t<\/div>\n\t\t\t\t<\/div>\n\t\t<div class=\"elementor-element elementor-element-5e47a930 e-flex e-con-boxed e-con e-parent\" data-id=\"5e47a930\" data-element_type=\"container\" data-e-type=\"container\" data-settings=\"{&quot;jet_parallax_layout_list&quot;:[]}\">\n\t\t\t\t\t<div class=\"e-con-inner\">\n\t\t\t\t<div class=\"elementor-element elementor-element-5c1376e9 elementor-widget elementor-widget-heading\" data-id=\"5c1376e9\" data-element_type=\"widget\" data-e-type=\"widget\" data-widget_type=\"heading.default\">\n\t\t\t\t<div class=\"elementor-widget-container\">\n\t\t\t\t\t<p class=\"elementor-heading-title elementor-size-default\">Dean's College for the 2024-2028 term<\/p>\t\t\t\t<\/div>\n\t\t\t\t<\/div>\n\t\t\t\t\t<\/div>\n\t\t\t\t<\/div>\n\t\t<div class=\"elementor-element elementor-element-6b67aa0f e-flex e-con-boxed e-con e-parent\" data-id=\"6b67aa0f\" data-element_type=\"container\" data-e-type=\"container\" data-settings=\"{&quot;jet_parallax_layout_list&quot;:[]}\">\n\t\t\t\t\t<div class=\"e-con-inner\">\n\t\t<div class=\"elementor-element elementor-element-158960dd e-flex e-con-boxed e-con e-child\" data-id=\"158960dd\" data-element_type=\"container\" data-e-type=\"container\" data-settings=\"{&quot;jet_parallax_layout_list&quot;:[]}\">\n\t\t\t\t\t<div class=\"e-con-inner\">\n\t\t\t\t<div class=\"elementor-element elementor-element-e9c4d16 elementor-widget elementor-widget-text-editor\" data-id=\"e9c4d16\" data-element_type=\"widget\" data-e-type=\"widget\" data-widget_type=\"text-editor.default\">\n\t\t\t\t<div class=\"elementor-widget-container\">\n\t\t\t\t\t\t\t\t\t<p><strong>Dean<\/strong><br>El\u017cbieta Szyma\u0144ska-Czaplak, PhD, Assoc. Prof. <\/p>\n<p><strong>Vice-Dean<\/strong><br>Ma\u0142gorzata Adams-Tukiendorf, PhD<\/p>\n<p><span style=\"text-align: var(--text-align);font-size: 1em\"><strong>Programme Coordiators<\/strong><\/span><br>Aleksandra Bogocz,MA<\/p>\n<p>Sebastian Ma\u015blanka, PhD<\/p>\n<p>Justyna Migo\u0144 Sasu\u0142a, MA<\/p>\n<p>Natalia Og\u00f3rek, MA<\/p>\n<p>Tomasz Wielg, PhD<\/p>\t\t\t\t\t\t\t\t<\/div>\n\t\t\t\t<\/div>\n\t\t\t\t\t<\/div>\n\t\t\t\t<\/div>\n\t\t\t\t\t<\/div>\n\t\t\t\t<\/div>\n\t\t<div class=\"elementor-element elementor-element-27f54f12 e-flex e-con-boxed e-con e-parent\" data-id=\"27f54f12\" data-element_type=\"container\" data-e-type=\"container\" data-settings=\"{&quot;jet_parallax_layout_list&quot;:[]}\">\n\t\t\t\t\t<div class=\"e-con-inner\">\n\t\t\t\t\t<\/div>\n\t\t\t\t<\/div>\n\t\t\t\t<\/div>\n\t\t","protected":false},"excerpt":{"rendered":"<p>Dean&#8217;s College Dean&#8217;s College for the 2024-2028 term DeanEl\u017cbieta Szyma\u0144ska-Czaplak, PhD, Assoc. Prof. Vice-DeanMa\u0142gorzata Adams-Tukiendorf, PhD Programme CoordiatorsAleksandra Bogocz,MA Sebastian Ma\u015blanka, PhD Justyna Migo\u0144 Sasu\u0142a, MA Natalia Og\u00f3rek, MA Tomasz [&hellip;]<\/p>\n","protected":false},"author":5,"featured_media":0,"parent":0,"menu_order":0,"comment_status":"closed","ping_status":"closed","template":"","meta":{"footnotes":""},"class_list":["post-22133","page","type-page","status-publish","hentry"],"_links":{"self":[{"href":"https:\/\/wfil.uni.opole.pl\/en\/wp-json\/wp\/v2\/pages\/22133","targetHints":{"allow":["GET"]}}],"collection":[{"href":"https:\/\/wfil.uni.opole.pl\/en\/wp-json\/wp\/v2\/pages"}],"about":[{"href":"https:\/\/wfil.uni.opole.pl\/en\/wp-json\/wp\/v2\/types\/page"}],"author":[{"embeddable":true,"href":"https:\/\/wfil.uni.opole.pl\/en\/wp-json\/wp\/v2\/users\/5"}],"replies":[{"embeddable":true,"href":"https:\/\/wfil.uni.opole.pl\/en\/wp-json\/wp\/v2\/comments?post=22133"}],"version-history":[{"count":4,"href":"https:\/\/wfil.uni.opole.pl\/en\/wp-json\/wp\/v2\/pages\/22133\/revisions"}],"predecessor-version":[{"id":22137,"href":"https:\/\/wfil.uni.opole.pl\/en\/wp-json\/wp\/v2\/pages\/22133\/revisions\/22137"}],"wp:attachment":[{"href":"https:\/\/wfil.uni.opole.pl\/en\/wp-json\/wp\/v2\/media?parent=22133"}],"curies":[{"name":"wp","href":"https:\/\/api.w.org\/{rel}","templated":true}]}}